{"id":6514,"date":"2023-05-10T09:12:39","date_gmt":"2023-05-10T09:12:39","guid":{"rendered":"http:\/\/candroid.weo2o.ca\/?page_id=6514"},"modified":"2025-12-10T20:41:50","modified_gmt":"2025-12-10T20:41:50","slug":"become-a-dealer1","status":"publish","type":"page","link":"https:\/\/candroidrobotics.com\/candroid\/fr\/become-a-dealer1\/","title":{"rendered":"Devenez revendeur"},"content":{"rendered":"<div data-elementor-type=\"wp-page\" data-elementor-id=\"6514\" class=\"elementor elementor-6514\">\n\t\t\t\t\t\t<section class=\"elementor-section elementor-top-section elementor-element elementor-element-1994fbd elementor-section-height-min-height elementor-section-boxed elementor-section-height-default elementor-section-items-middle\" data-id=\"1994fbd\" data-element_type=\"section\" data-settings=\"{&quot;background_background&quot;:&quot;classic&quot;}\">\n\t\t\t\t\t\t\t<div class=\"elementor-background-overlay\"><\/div>\n\t\t\t\t\t\t\t<div class=\"elementor-container elementor-column-gap-default\">\n\t\t\t\t\t<div class=\"elementor-column elementor-col-100 elementor-top-column elementor-element elementor-element-8a985ab\" data-id=\"8a985ab\" data-element_type=\"column\">\n\t\t\t<div class=\"elementor-widget-wrap elementor-element-populated\">\n\t\t\t\t\t\t<div class=\"elementor-element elementor-element-b33a37a elementor-widget elementor-widget-heading\" data-id=\"b33a37a\" data-element_type=\"widget\" data-widget_type=\"heading.default\">\n\t\t\t\t<div class=\"elementor-widget-container\">\n\t\t\t\t\t<p class=\"elementor-heading-title elementor-size-default\">Concessionnaires<\/p>\t\t\t\t<\/div>\n\t\t\t\t<\/div>\n\t\t\t\t<div class=\"elementor-element elementor-element-80a0f62 elementor-widget elementor-widget-heading\" data-id=\"80a0f62\" data-element_type=\"widget\" data-widget_type=\"heading.default\">\n\t\t\t\t<div class=\"elementor-widget-container\">\n\t\t\t\t\t<h1 class=\"elementor-heading-title elementor-size-default\">Join Our Expanding \n<\/br>Team<\/h1>\t\t\t\t<\/div>\n\t\t\t\t<\/div>\n\t\t\t\t\t<\/div>\n\t\t<\/div>\n\t\t\t\t\t<\/div>\n\t\t<\/section>\n\t\t\t\t<section class=\"elementor-section elementor-top-section elementor-element elementor-element-c5da42d elementor-section-full_width elementor-section-height-default elementor-section-height-default\" data-id=\"c5da42d\" data-element_type=\"section\">\n\t\t\t\t\t\t<div class=\"elementor-container elementor-column-gap-no\">\n\t\t\t\t\t<div class=\"elementor-column elementor-col-100 elementor-top-column elementor-element elementor-element-2c20c18\" data-id=\"2c20c18\" data-element_type=\"column\">\n\t\t\t<div class=\"elementor-widget-wrap elementor-element-populated\">\n\t\t\t\t\t\t<div class=\"elementor-element elementor-element-d601e9d elementor-widget elementor-widget-tp-text-box\" data-id=\"d601e9d\" data-element_type=\"widget\" data-widget_type=\"tp-text-box.default\">\n\t\t\t\t<div class=\"elementor-widget-container\">\n\t\t\t\t\t\r\n\t\t\t\r\n         <!-- about text area start -->\r\n         <section class=\"about__text pt-115 pb-100 tp-el-section\">\r\n            <div class=\"container\">\r\n               <div class=\"row\">\r\n                  <div class=\"col-xl-4 col-lg-4\">\r\n                     <div class=\"about__text-wrapper wow fadeInUp\" data-wow-delay=\".3s\" data-wow-duration=\"1s\">\r\n\t\t\t\t\t\t                        <h3 class=\"about__text-title tp-el-box-title\">Devenez revendeur<\/h3>\r\n\t\t\t\t\t\t                     <\/div>\r\n                  <\/div>\r\n                  <div class=\"col-xl-8 col-lg-8\">\r\n                     <div class=\"about__text wow fadeInUp tp-el-box-desc\" data-wow-delay=\".6s\" data-wow-duration=\"1s\">\r\n\t\t\t\t\t L&#039;\u00e9quipe de Candroid Robotics Corporation s&#039;agrandit rapidement ! Nous \u00e9tions toujours \u00e0 la recherche de nouveaux revendeurs, investisseurs et repr\u00e9sentants commerciaux pour aider \u00e0 offrir la meilleure exp\u00e9rience possible. Si vous \u00eates int\u00e9ress\u00e9, remplissez le formulaire ci-dessous et nous vous r\u00e9pondrons sous peu.                     <\/div>\r\n                  <\/div>\r\n               <\/div>\r\n            <\/div>\r\n         <\/section>\r\n         <!-- about text area end -->\r\n        \r\n\r\n        \r\n        \t\t\t\t<\/div>\n\t\t\t\t<\/div>\n\t\t\t\t\t<\/div>\n\t\t<\/div>\n\t\t\t\t\t<\/div>\n\t\t<\/section>\n\t\t\t\t<section class=\"elementor-section elementor-top-section elementor-element elementor-element-bc44fe9 elementor-section-boxed elementor-section-height-default elementor-section-height-default\" data-id=\"bc44fe9\" data-element_type=\"section\">\n\t\t\t\t\t\t<div class=\"elementor-container elementor-column-gap-default\">\n\t\t\t\t\t<div class=\"elementor-column elementor-col-100 elementor-top-column elementor-element elementor-element-419e329\" data-id=\"419e329\" data-element_type=\"column\">\n\t\t\t<div class=\"elementor-widget-wrap elementor-element-populated\">\n\t\t\t\t\t\t<div class=\"elementor-element elementor-element-88f892a elementor-widget elementor-widget-contactform\" data-id=\"88f892a\" data-element_type=\"widget\" data-widget_type=\"contactform.default\">\n\t\t\t\t<div class=\"elementor-widget-container\">\n\t\t\t\t\t\r\n\t\t\r\n\t\t<div class=\"contact__form tp-el-section\">\r\n\t\t\t\t\t\t\n<div class=\"wpcf7 no-js\" id=\"wpcf7-f6561-o1\" lang=\"en-US\" dir=\"ltr\" data-wpcf7-id=\"6561\">\n<div class=\"screen-reader-response\"><p role=\"status\" aria-live=\"polite\" aria-atomic=\"true\"><\/p> <ul><\/ul><\/div>\n<form action=\"\/candroid\/fr\/wp-json\/wp\/v2\/pages\/6514#wpcf7-f6561-o1\" method=\"post\" class=\"wpcf7-form init\" aria-label=\"Contact form\" novalidate=\"novalidate\" data-status=\"init\" data-trp-original-action=\"\/candroid\/fr\/wp-json\/wp\/v2\/pages\/6514#wpcf7-f6561-o1\">\n<fieldset class=\"hidden-fields-container\"><input type=\"hidden\" name=\"_wpcf7\" value=\"6561\" \/><input type=\"hidden\" name=\"_wpcf7_version\" value=\"6.1.5\" \/><input type=\"hidden\" name=\"_wpcf7_locale\" value=\"en_US\" \/><input type=\"hidden\" name=\"_wpcf7_unit_tag\" value=\"wpcf7-f6561-o1\" \/><input type=\"hidden\" name=\"_wpcf7_container_post\" value=\"0\" \/><input type=\"hidden\" name=\"_wpcf7_posted_data_hash\" value=\"\" \/><input type=\"hidden\" name=\"_wpcf7_recaptcha_response\" value=\"\" \/>\n<\/fieldset>\n<div class=\"row\">\n   <div class=\"col-md-6\">\n      <div class=\"contact__input-2\">\n        <span class=\"wpcf7-form-control-wrap\" data-name=\"c-first-name\"><input size=\"40\" maxlength=\"400\" class=\"wpcf7-form-control wpcf7-text\" aria-invalid=\"false\" placeholder=\"Pr\u00e9nom\" value=\"\" type=\"text\" name=\"c-first-name\" \/><\/span>\n      <\/div>\n   <\/div>\n   <div class=\"col-md-6\">\n      <div class=\"contact__input-2\">\n        <span class=\"wpcf7-form-control-wrap\" data-name=\"c-last-name\"><input size=\"40\" maxlength=\"400\" class=\"wpcf7-form-control wpcf7-text\" aria-invalid=\"false\" placeholder=\"Nom de famille\" value=\"\" type=\"text\" name=\"c-last-name\" \/><\/span>\n      <\/div>\n   <\/div>\n   <div class=\"col-md-6\">\n      <div class=\"contact__input-2\">\n         <span class=\"wpcf7-form-control-wrap\" data-name=\"c-email\"><input size=\"40\" maxlength=\"400\" class=\"wpcf7-form-control wpcf7-email wpcf7-text wpcf7-validates-as-email\" aria-invalid=\"false\" placeholder=\"E-mail\" value=\"\" type=\"email\" name=\"c-email\" \/><\/span>\n      <\/div>\n   <\/div>\n   <div class=\"col-md-6\">\n      <div class=\"contact__input-2\">\n         <span class=\"wpcf7-form-control-wrap\" data-name=\"c-phone\"><input size=\"40\" maxlength=\"400\" class=\"wpcf7-form-control wpcf7-text\" aria-invalid=\"false\" placeholder=\"T\u00e9l\u00e9phone\" value=\"\" type=\"text\" name=\"c-phone\" \/><\/span>\n      <\/div>\n   <\/div>\n   <div class=\"col-md-12\">\n      <div class=\"contact__input-2\">\n         <span class=\"wpcf7-form-control-wrap\" data-name=\"c-message\"><textarea cols=\"40\" rows=\"10\" maxlength=\"2000\" class=\"wpcf7-form-control wpcf7-textarea\" aria-invalid=\"false\" placeholder=\"Votre message\" name=\"c-message\"><\/textarea><\/span>\n      <\/div>\n   <\/div>\n   <div class=\"col-md-5\">\n      <div class=\"contact__btn-2\">\n         <button type=\"submit\" class=\"tp-btn\">Envoyer<\/button>\n      <\/div>\n   <\/div>\n   <div class=\"col-md-7\">\n      <!-- for wp = this will hide in style one -->\n      <div class=\"contact__form-call float-md-end\">\n         <span>Appel \u00e0 consultation<\/span>\n         <p><a href=\"tel:1-833-226-7643\"><i class=\"fa-solid fa-phone-flip\"><\/i> 1-833-226-7643<\/a><\/p>\n      <\/div>\n   <\/div>\n<\/div><div class=\"wpcf7-response-output\" aria-hidden=\"true\"><\/div>\n<input type=\"hidden\" name=\"trp-form-language\" value=\"fr\"\/><\/form>\n<\/div>\n\t\t\t\t\t<\/div>\r\n\r\n\t\t\r\n        \t\t\t\t<\/div>\n\t\t\t\t<\/div>\n\t\t\t\t\t<\/div>\n\t\t<\/div>\n\t\t\t\t\t<\/div>\n\t\t<\/section>\n\t\t\t\t<section class=\"elementor-section elementor-top-section elementor-element elementor-element-126179f elementor-section-boxed elementor-section-height-default elementor-section-height-default\" data-id=\"126179f\" data-element_type=\"section\">\n\t\t\t\t\t\t<div class=\"elementor-container elementor-column-gap-default\">\n\t\t\t\t\t<div class=\"elementor-column elementor-col-100 elementor-top-column elementor-element elementor-element-adc9456\" data-id=\"adc9456\" data-element_type=\"column\">\n\t\t\t<div class=\"elementor-widget-wrap elementor-element-populated\">\n\t\t\t\t\t\t<div class=\"elementor-element elementor-element-3c84f97 elementor-widget elementor-widget-heading\" data-id=\"3c84f97\" data-element_type=\"widget\" data-widget_type=\"heading.default\">\n\t\t\t\t<div class=\"elementor-widget-container\">\n\t\t\t\t\t<h2 class=\"elementor-heading-title elementor-size-default\">Nos concessionnaires<\/h2>\t\t\t\t<\/div>\n\t\t\t\t<\/div>\n\t\t\t\t<div class=\"elementor-element elementor-element-c809a5b elementor-widget elementor-widget-tp-brand\" data-id=\"c809a5b\" data-element_type=\"widget\" data-widget_type=\"tp-brand.default\">\n\t\t\t\t<div class=\"elementor-widget-container\">\n\t\t\t\t\t\r\n\t\t\r\n         <!-- brand area start -->\r\n         <section class=\"brand__area tp-el-section\">\r\n            <div class=\"container-fluid g-0\">\r\n               <div class=\"row gx-0 gy-2\">\r\n                  <div class=\"col-xxl-12\">\r\n                     <div class=\"brand__slider-5\">\r\n                        <div class=\"brand__slider-5\">\r\n                           <div class=\"brand__slider-active-5\">\r\n                                                              <div class=\"brand__item-5\">\r\n                                                                    <a href=\"#\">\r\n                                        <img decoding=\"async\" src=\"https:\/\/candroidrobotics.com\/candroid\/wp-content\/uploads\/2023\/05\/Superior-Sany-Solutions-A-GDI-Company-Logo.png\" alt=\"\">\r\n                                    <\/a>\r\n\r\n                                                              <\/div>\r\n                                                            <div class=\"brand__item-5\">\r\n                                                                    <a href=\"#\">\r\n                                        <img decoding=\"async\" src=\"https:\/\/candroidrobotics.com\/candroid\/wp-content\/uploads\/2023\/05\/0058_Swish_Logo_Red_Digital.jpg\" alt=\"\">\r\n                                    <\/a>\r\n\r\n                                                              <\/div>\r\n                                                            <div class=\"brand__item-5\">\r\n                                                                    <a href=\"#\">\r\n                                        <img decoding=\"async\" src=\"https:\/\/candroidrobotics.com\/candroid\/wp-content\/uploads\/2023\/05\/mcl_sustainable.png\" alt=\"\">\r\n                                    <\/a>\r\n\r\n                                                              <\/div>\r\n                                                         <\/div>\r\n                        <\/div>\r\n                     <\/div>\r\n                  <\/div>\r\n               <\/div>\r\n            <\/div>\r\n         <\/section>\r\n         <!-- brand area end -->\r\n\r\n         \r\n\t\t\t\t\t\t<\/div>\n\t\t\t\t<\/div>\n\t\t\t\t\t<\/div>\n\t\t<\/div>\n\t\t\t\t\t<\/div>\n\t\t<\/section>\n\t\t\t\t<\/div>","protected":false},"excerpt":{"rendered":"<p>Dealers Join Our Expanding Team Become a Dealer The team at Candroid Robotics Corporation is growing rapidly! Were always looking for new Dealers, Investors, and Sales Representatives to help deliver the best experience possible. If you\u2019re interested fill out the form below and we will respond to you shortly. Send Call for Consultation 1-833-226-7643 Our [&hellip;]<\/p>","protected":false},"author":1,"featured_media":0,"parent":0,"menu_order":0,"comment_status":"closed","ping_status":"closed","template":"elementor_header_footer","meta":{"footnotes":""},"class_list":["post-6514","page","type-page","status-publish","hentry"],"acf":[],"yoast_head":"<!-- This site is optimized with the Yoast SEO plugin v27.0 - https:\/\/yoast.com\/product\/yoast-seo-wordpress\/ -->\n<title>Become a dealer - Candroid Robotics<\/title>\n<meta name=\"description\" content=\"Dealers Join Our Expanding Team Become a Dealer The team at Candroid Robotics Corporation is growing rapidly! Were always looking for new Dealers,\" \/>\n<meta name=\"robots\" content=\"index, follow, max-snippet:-1, max-image-preview:large, max-video-preview:-1\" \/>\n<link rel=\"canonical\" href=\"https:\/\/candroidrobotics.com\/candroid\/fr\/become-a-dealer1\/\" \/>\n<meta property=\"og:locale\" content=\"fr_CA\" \/>\n<meta property=\"og:type\" content=\"article\" \/>\n<meta property=\"og:title\" content=\"Become a dealer - Candroid Robotics\" \/>\n<meta property=\"og:description\" content=\"Dealers Join Our Expanding Team Become a Dealer The team at Candroid Robotics Corporation is growing rapidly! Were always looking for new Dealers,\" \/>\n<meta property=\"og:url\" content=\"https:\/\/candroidrobotics.com\/candroid\/fr\/become-a-dealer1\/\" \/>\n<meta property=\"og:site_name\" content=\"Candroid Robotics\" \/>\n<meta property=\"article:modified_time\" content=\"2025-12-10T20:41:50+00:00\" \/>\n<meta property=\"og:image\" content=\"https:\/\/testweb.candroidrobotics.com\/candroid\/wp-content\/uploads\/2023\/05\/Superior-Sany-Solutions-A-GDI-Company-Logo.png\" \/>\n<meta name=\"twitter:card\" content=\"summary_large_image\" \/>\n<meta name=\"twitter:label1\" content=\"Estimation du temps de lecture\" \/>\n\t<meta name=\"twitter:data1\" content=\"1 minute\" \/>\n<script type=\"application\/ld+json\" class=\"yoast-schema-graph\">{\"@context\":\"https:\/\/schema.org\",\"@graph\":[{\"@type\":\"WebPage\",\"@id\":\"https:\/\/candroidrobotics.com\/candroid\/become-a-dealer1\/\",\"url\":\"https:\/\/candroidrobotics.com\/candroid\/become-a-dealer1\/\",\"name\":\"Become a dealer - Candroid Robotics\",\"isPartOf\":{\"@id\":\"https:\/\/candroidrobotics.com\/candroid\/#website\"},\"primaryImageOfPage\":{\"@id\":\"https:\/\/candroidrobotics.com\/candroid\/become-a-dealer1\/#primaryimage\"},\"image\":{\"@id\":\"https:\/\/candroidrobotics.com\/candroid\/become-a-dealer1\/#primaryimage\"},\"thumbnailUrl\":\"https:\/\/testweb.candroidrobotics.com\/candroid\/wp-content\/uploads\/2023\/05\/Superior-Sany-Solutions-A-GDI-Company-Logo.png\",\"datePublished\":\"2023-05-10T09:12:39+00:00\",\"dateModified\":\"2025-12-10T20:41:50+00:00\",\"description\":\"Dealers Join Our Expanding Team Become a Dealer The team at Candroid Robotics Corporation is growing rapidly! Were always looking for new Dealers,\",\"breadcrumb\":{\"@id\":\"https:\/\/candroidrobotics.com\/candroid\/become-a-dealer1\/#breadcrumb\"},\"inLanguage\":\"fr-CA\",\"potentialAction\":[{\"@type\":\"ReadAction\",\"target\":[\"https:\/\/candroidrobotics.com\/candroid\/become-a-dealer1\/\"]}]},{\"@type\":\"ImageObject\",\"inLanguage\":\"fr-CA\",\"@id\":\"https:\/\/candroidrobotics.com\/candroid\/become-a-dealer1\/#primaryimage\",\"url\":\"https:\/\/testweb.candroidrobotics.com\/candroid\/wp-content\/uploads\/2023\/05\/Superior-Sany-Solutions-A-GDI-Company-Logo.png\",\"contentUrl\":\"https:\/\/testweb.candroidrobotics.com\/candroid\/wp-content\/uploads\/2023\/05\/Superior-Sany-Solutions-A-GDI-Company-Logo.png\"},{\"@type\":\"BreadcrumbList\",\"@id\":\"https:\/\/candroidrobotics.com\/candroid\/become-a-dealer1\/#breadcrumb\",\"itemListElement\":[{\"@type\":\"ListItem\",\"position\":1,\"name\":\"Home\",\"item\":\"https:\/\/candroidrobotics.com\/candroid\/\"},{\"@type\":\"ListItem\",\"position\":2,\"name\":\"Become a dealer\"}]},{\"@type\":\"WebSite\",\"@id\":\"https:\/\/candroidrobotics.com\/candroid\/#website\",\"url\":\"https:\/\/candroidrobotics.com\/candroid\/\",\"name\":\"Candroid Robotics\",\"description\":\"\",\"publisher\":{\"@id\":\"https:\/\/candroidrobotics.com\/candroid\/#organization\"},\"potentialAction\":[{\"@type\":\"SearchAction\",\"target\":{\"@type\":\"EntryPoint\",\"urlTemplate\":\"https:\/\/candroidrobotics.com\/candroid\/?s={search_term_string}\"},\"query-input\":{\"@type\":\"PropertyValueSpecification\",\"valueRequired\":true,\"valueName\":\"search_term_string\"}}],\"inLanguage\":\"fr-CA\"},{\"@type\":\"Organization\",\"@id\":\"https:\/\/candroidrobotics.com\/candroid\/#organization\",\"name\":\"Candroid Robotics\",\"url\":\"https:\/\/candroidrobotics.com\/candroid\/\",\"logo\":{\"@type\":\"ImageObject\",\"inLanguage\":\"fr-CA\",\"@id\":\"https:\/\/candroidrobotics.com\/candroid\/#\/schema\/logo\/image\/\",\"url\":\"https:\/\/candroidrobotics.com\/candroid\/wp-content\/uploads\/2025\/12\/2-e1685401277666.png\",\"contentUrl\":\"https:\/\/candroidrobotics.com\/candroid\/wp-content\/uploads\/2025\/12\/2-e1685401277666.png\",\"width\":1245,\"height\":532,\"caption\":\"Candroid Robotics\"},\"image\":{\"@id\":\"https:\/\/candroidrobotics.com\/candroid\/#\/schema\/logo\/image\/\"}}]}<\/script>\n<!-- \/ Yoast SEO plugin. -->","yoast_head_json":{"title":"Become a dealer - Candroid Robotics","description":"Dealers Join Our Expanding Team Become a Dealer The team at Candroid Robotics Corporation is growing rapidly! Were always looking for new Dealers,","robots":{"index":"index","follow":"follow","max-snippet":"max-snippet:-1","max-image-preview":"max-image-preview:large","max-video-preview":"max-video-preview:-1"},"canonical":"https:\/\/candroidrobotics.com\/candroid\/fr\/become-a-dealer1\/","og_locale":"fr_CA","og_type":"article","og_title":"Become a dealer - Candroid Robotics","og_description":"Dealers Join Our Expanding Team Become a Dealer The team at Candroid Robotics Corporation is growing rapidly! Were always looking for new Dealers,","og_url":"https:\/\/candroidrobotics.com\/candroid\/fr\/become-a-dealer1\/","og_site_name":"Candroid Robotics","article_modified_time":"2025-12-10T20:41:50+00:00","og_image":[{"url":"https:\/\/testweb.candroidrobotics.com\/candroid\/wp-content\/uploads\/2023\/05\/Superior-Sany-Solutions-A-GDI-Company-Logo.png","type":"","width":"","height":""}],"twitter_card":"summary_large_image","twitter_misc":{"Estimation du temps de lecture":"1 minute"},"schema":{"@context":"https:\/\/schema.org","@graph":[{"@type":"WebPage","@id":"https:\/\/candroidrobotics.com\/candroid\/become-a-dealer1\/","url":"https:\/\/candroidrobotics.com\/candroid\/become-a-dealer1\/","name":"Become a dealer - Candroid Robotics","isPartOf":{"@id":"https:\/\/candroidrobotics.com\/candroid\/#website"},"primaryImageOfPage":{"@id":"https:\/\/candroidrobotics.com\/candroid\/become-a-dealer1\/#primaryimage"},"image":{"@id":"https:\/\/candroidrobotics.com\/candroid\/become-a-dealer1\/#primaryimage"},"thumbnailUrl":"https:\/\/testweb.candroidrobotics.com\/candroid\/wp-content\/uploads\/2023\/05\/Superior-Sany-Solutions-A-GDI-Company-Logo.png","datePublished":"2023-05-10T09:12:39+00:00","dateModified":"2025-12-10T20:41:50+00:00","description":"Dealers Join Our Expanding Team Become a Dealer The team at Candroid Robotics Corporation is growing rapidly! Were always looking for new Dealers,","breadcrumb":{"@id":"https:\/\/candroidrobotics.com\/candroid\/become-a-dealer1\/#breadcrumb"},"inLanguage":"fr-CA","potentialAction":[{"@type":"ReadAction","target":["https:\/\/candroidrobotics.com\/candroid\/become-a-dealer1\/"]}]},{"@type":"ImageObject","inLanguage":"fr-CA","@id":"https:\/\/candroidrobotics.com\/candroid\/become-a-dealer1\/#primaryimage","url":"https:\/\/testweb.candroidrobotics.com\/candroid\/wp-content\/uploads\/2023\/05\/Superior-Sany-Solutions-A-GDI-Company-Logo.png","contentUrl":"https:\/\/testweb.candroidrobotics.com\/candroid\/wp-content\/uploads\/2023\/05\/Superior-Sany-Solutions-A-GDI-Company-Logo.png"},{"@type":"BreadcrumbList","@id":"https:\/\/candroidrobotics.com\/candroid\/become-a-dealer1\/#breadcrumb","itemListElement":[{"@type":"ListItem","position":1,"name":"Home","item":"https:\/\/candroidrobotics.com\/candroid\/"},{"@type":"ListItem","position":2,"name":"Become a dealer"}]},{"@type":"WebSite","@id":"https:\/\/candroidrobotics.com\/candroid\/#website","url":"https:\/\/candroidrobotics.com\/candroid\/","name":"Robotique Android","description":"","publisher":{"@id":"https:\/\/candroidrobotics.com\/candroid\/#organization"},"potentialAction":[{"@type":"SearchAction","target":{"@type":"EntryPoint","urlTemplate":"https:\/\/candroidrobotics.com\/candroid\/?s={search_term_string}"},"query-input":{"@type":"PropertyValueSpecification","valueRequired":true,"valueName":"search_term_string"}}],"inLanguage":"fr-CA"},{"@type":"Organization","@id":"https:\/\/candroidrobotics.com\/candroid\/#organization","name":"Robotique Android","url":"https:\/\/candroidrobotics.com\/candroid\/","logo":{"@type":"ImageObject","inLanguage":"fr-CA","@id":"https:\/\/candroidrobotics.com\/candroid\/#\/schema\/logo\/image\/","url":"https:\/\/candroidrobotics.com\/candroid\/wp-content\/uploads\/2025\/12\/2-e1685401277666.png","contentUrl":"https:\/\/candroidrobotics.com\/candroid\/wp-content\/uploads\/2025\/12\/2-e1685401277666.png","width":1245,"height":532,"caption":"Candroid Robotics"},"image":{"@id":"https:\/\/candroidrobotics.com\/candroid\/#\/schema\/logo\/image\/"}}]}},"_links":{"self":[{"href":"https:\/\/candroidrobotics.com\/candroid\/fr\/wp-json\/wp\/v2\/pages\/6514","targetHints":{"allow":["GET"]}}],"collection":[{"href":"https:\/\/candroidrobotics.com\/candroid\/fr\/wp-json\/wp\/v2\/pages"}],"about":[{"href":"https:\/\/candroidrobotics.com\/candroid\/fr\/wp-json\/wp\/v2\/types\/page"}],"author":[{"embeddable":true,"href":"https:\/\/candroidrobotics.com\/candroid\/fr\/wp-json\/wp\/v2\/users\/1"}],"replies":[{"embeddable":true,"href":"https:\/\/candroidrobotics.com\/candroid\/fr\/wp-json\/wp\/v2\/comments?post=6514"}],"version-history":[{"count":95,"href":"https:\/\/candroidrobotics.com\/candroid\/fr\/wp-json\/wp\/v2\/pages\/6514\/revisions"}],"predecessor-version":[{"id":10930,"href":"https:\/\/candroidrobotics.com\/candroid\/fr\/wp-json\/wp\/v2\/pages\/6514\/revisions\/10930"}],"wp:attachment":[{"href":"https:\/\/candroidrobotics.com\/candroid\/fr\/wp-json\/wp\/v2\/media?parent=6514"}],"curies":[{"name":"wp","href":"https:\/\/api.w.org\/{rel}","templated":true}]}}