{"id":6797,"date":"2023-05-12T00:49:14","date_gmt":"2023-05-12T00:49:14","guid":{"rendered":"http:\/\/candroid.weo2o.ca\/?page_id=6797"},"modified":"2026-01-19T03:46:37","modified_gmt":"2026-01-19T03:46:37","slug":"simpple-smart-software","status":"publish","type":"page","link":"https:\/\/candroidrobotics.com\/candroid\/fr\/simpple-smart-software\/","title":{"rendered":"SIMPLE"},"content":{"rendered":"<div data-elementor-type=\"wp-page\" data-elementor-id=\"6797\" class=\"elementor elementor-6797\">\n\t\t\t\t\t\t<section class=\"elementor-section elementor-top-section elementor-element elementor-element-9df3631 elementor-section-height-min-height elementor-section-boxed elementor-section-height-default elementor-section-items-middle\" data-id=\"9df3631\" data-element_type=\"section\" data-settings=\"{&quot;background_background&quot;:&quot;classic&quot;}\">\n\t\t\t\t\t\t\t<div class=\"elementor-background-overlay\"><\/div>\n\t\t\t\t\t\t\t<div class=\"elementor-container elementor-column-gap-default\">\n\t\t\t\t\t<div class=\"elementor-column elementor-col-100 elementor-top-column elementor-element elementor-element-f0b6cf8\" data-id=\"f0b6cf8\" data-element_type=\"column\">\n\t\t\t<div class=\"elementor-widget-wrap elementor-element-populated\">\n\t\t\t\t\t\t<div class=\"elementor-element elementor-element-e7faf71 elementor-widget elementor-widget-heading\" data-id=\"e7faf71\" data-element_type=\"widget\" data-widget_type=\"heading.default\">\n\t\t\t\t<div class=\"elementor-widget-container\">\n\t\t\t\t\t<h1 class=\"elementor-heading-title elementor-size-default\">SIMPLE<\/h1>\t\t\t\t<\/div>\n\t\t\t\t<\/div>\n\t\t\t\t\t<\/div>\n\t\t<\/div>\n\t\t\t\t\t<\/div>\n\t\t<\/section>\n\t\t\t\t<section class=\"elementor-section elementor-top-section elementor-element elementor-element-47a8d26 elementor-section-boxed elementor-section-height-default elementor-section-height-default\" data-id=\"47a8d26\" data-element_type=\"section\">\n\t\t\t\t\t\t<div class=\"elementor-container elementor-column-gap-default\">\n\t\t\t\t\t<div class=\"elementor-column elementor-col-100 elementor-top-column elementor-element elementor-element-d48c84e\" data-id=\"d48c84e\" data-element_type=\"column\">\n\t\t\t<div class=\"elementor-widget-wrap elementor-element-populated\">\n\t\t\t\t\t\t<div class=\"elementor-element elementor-element-852c2ff elementor-widget elementor-widget-tp-text-box\" data-id=\"852c2ff\" data-element_type=\"widget\" data-widget_type=\"tp-text-box.default\">\n\t\t\t\t<div class=\"elementor-widget-container\">\n\t\t\t\t\t\r\n\t\t\t\r\n         <!-- about text area start -->\r\n         <section class=\"about__text pt-115 pb-100 tp-el-section\">\r\n            <div class=\"container\">\r\n               <div class=\"row\">\r\n                  <div class=\"col-xl-4 col-lg-4\">\r\n                     <div class=\"about__text-wrapper wow fadeInUp\" data-wow-delay=\".3s\" data-wow-duration=\"1s\">\r\n\t\t\t\t\t\t                        <h3 class=\"about__text-title tp-el-box-title\"> Solutions pour les b\u00e2timents intelligents<\/h3>\r\n\t\t\t\t\t\t                     <\/div>\r\n                  <\/div>\r\n                  <div class=\"col-xl-8 col-lg-8\">\r\n                     <div class=\"about__text wow fadeInUp tp-el-box-desc\" data-wow-delay=\".6s\" data-wow-duration=\"1s\">\r\n\t\t\t\t\t Simple fournit aux propri\u00e9taires d&#039;installations, aux gestionnaires de sites et aux sous-traitants une vue d&#039;ensemble de l&#039;installation, afin de mieux \u00e9valuer la sant\u00e9 du site et d&#039;identifier les domaines d&#039;am\u00e9lioration en un seul coup d&#039;\u0153il. Les managers peuvent augmenter la productivit\u00e9 et l&#039;efficacit\u00e9 jusqu&#039;\u00e0 90%, en \u00e9liminant les inefficacit\u00e9s dans la communication et en s&#039;assurant que les t\u00e2ches sont envoy\u00e9es \u00e0 la bonne personne au bon moment.                      <\/div>\r\n                  <\/div>\r\n               <\/div>\r\n            <\/div>\r\n         <\/section>\r\n         <!-- about text area end -->\r\n        \r\n\r\n        \r\n        \t\t\t\t<\/div>\n\t\t\t\t<\/div>\n\t\t\t\t\t<\/div>\n\t\t<\/div>\n\t\t\t\t\t<\/div>\n\t\t<\/section>\n\t\t\t\t<section class=\"elementor-section elementor-top-section elementor-element elementor-element-6b10f4a elementor-section-boxed elementor-section-height-default elementor-section-height-default\" data-id=\"6b10f4a\" data-element_type=\"section\">\n\t\t\t\t\t\t<div class=\"elementor-container elementor-column-gap-default\">\n\t\t\t\t\t<div class=\"elementor-column elementor-col-100 elementor-top-column elementor-element elementor-element-ba01c34\" data-id=\"ba01c34\" data-element_type=\"column\">\n\t\t\t<div class=\"elementor-widget-wrap elementor-element-populated\">\n\t\t\t\t\t\t<div class=\"elementor-element elementor-element-acba5b6 elementor-widget elementor-widget-video\" data-id=\"acba5b6\" data-element_type=\"widget\" data-settings=\"{&quot;youtube_url&quot;:&quot;https:\\\/\\\/www.youtube.com\\\/watch?v=CLqfIqHgDzU&amp;t=1s&quot;,&quot;video_type&quot;:&quot;youtube&quot;,&quot;controls&quot;:&quot;yes&quot;}\" data-widget_type=\"video.default\">\n\t\t\t\t<div class=\"elementor-widget-container\">\n\t\t\t\t\t\t\t<div class=\"elementor-wrapper elementor-open-inline\">\n\t\t\t<div class=\"elementor-video\"><\/div>\t\t<\/div>\n\t\t\t\t\t\t<\/div>\n\t\t\t\t<\/div>\n\t\t\t\t\t<\/div>\n\t\t<\/div>\n\t\t\t\t\t<\/div>\n\t\t<\/section>\n\t\t\t\t<section class=\"elementor-section elementor-top-section elementor-element elementor-element-82511c6 elementor-section-boxed elementor-section-height-default elementor-section-height-default\" data-id=\"82511c6\" data-element_type=\"section\">\n\t\t\t\t\t\t<div class=\"elementor-container elementor-column-gap-default\">\n\t\t\t\t\t<div class=\"elementor-column elementor-col-33 elementor-top-column elementor-element elementor-element-065543c\" data-id=\"065543c\" data-element_type=\"column\">\n\t\t\t<div class=\"elementor-widget-wrap elementor-element-populated\">\n\t\t\t\t\t\t<div class=\"elementor-element elementor-element-a409539 elementor-invisible elementor-widget elementor-widget-heading\" data-id=\"a409539\" data-element_type=\"widget\" data-settings=\"{&quot;_animation&quot;:&quot;bounceInDown&quot;}\" data-widget_type=\"heading.default\">\n\t\t\t\t<div class=\"elementor-widget-container\">\n\t\t\t\t\t<h1 class=\"elementor-heading-title elementor-size-large\"> Op\u00e9rations simplifi\u00e9es<\/h1>\t\t\t\t<\/div>\n\t\t\t\t<\/div>\n\t\t\t\t\t<\/div>\n\t\t<\/div>\n\t\t\t\t<div class=\"elementor-column elementor-col-66 elementor-top-column elementor-element elementor-element-a64bce7\" data-id=\"a64bce7\" data-element_type=\"column\">\n\t\t\t<div class=\"elementor-widget-wrap elementor-element-populated\">\n\t\t\t\t\t\t<div class=\"elementor-element elementor-element-79c92fa elementor-widget elementor-widget-text-editor\" data-id=\"79c92fa\" data-element_type=\"widget\" data-widget_type=\"text-editor.default\">\n\t\t\t\t<div class=\"elementor-widget-container\">\n\t\t\t\t\t\t\t\t\t<p>\u00a0<\/p><p>Simplple Operations utilise l&#039;application de messagerie Simplple (ou WhatsApp) pour alerter les travailleurs et les sous-traitants tiers des t\u00e2ches planifi\u00e9es ou en attente. Il cr\u00e9e des processus efficaces qui r\u00e9duisent les erreurs de communication dues \u00e0 la disposition manuelle des t\u00e2ches. Les mises \u00e0 jour automatis\u00e9es des t\u00e2ches permettront au personnel de mieux se concentrer sur son travail et d&#039;avoir une plus grande responsabilit\u00e9. Les responsables peuvent obtenir des mises \u00e0 jour en temps r\u00e9el sur l&#039;environnement de l&#039;emplacement et le statut du personnel et des t\u00e2ches sur un seul tableau de bord pour une vue d&#039;ensemble facile.<\/p>\t\t\t\t\t\t\t\t<\/div>\n\t\t\t\t<\/div>\n\t\t\t\t\t<\/div>\n\t\t<\/div>\n\t\t\t\t\t<\/div>\n\t\t<\/section>\n\t\t\t\t<section class=\"elementor-section elementor-top-section elementor-element elementor-element-5d305b5 elementor-section-boxed elementor-section-height-default elementor-section-height-default\" data-id=\"5d305b5\" data-element_type=\"section\">\n\t\t\t\t\t\t<div class=\"elementor-container elementor-column-gap-default\">\n\t\t\t\t\t<div class=\"elementor-column elementor-col-66 elementor-top-column elementor-element elementor-element-a06263f\" data-id=\"a06263f\" data-element_type=\"column\">\n\t\t\t<div class=\"elementor-widget-wrap elementor-element-populated\">\n\t\t\t\t\t\t<div class=\"elementor-element elementor-element-eeea1b6 elementor-widget elementor-widget-text-editor\" data-id=\"eeea1b6\" data-element_type=\"widget\" data-widget_type=\"text-editor.default\">\n\t\t\t\t<div class=\"elementor-widget-container\">\n\t\t\t\t\t\t\t\t\t<p>\u00a0<\/p><p>Simple comprend une fonctionnalit\u00e9 d&#039;audit sp\u00e9cialement con\u00e7ue et construite pour aider grandement les superviseurs \u00e0 effectuer des audits. Chaque formulaire d&#039;audit est personnalis\u00e9 pour chaque site afin de calculer les scores en fonction des exigences, de g\u00e9n\u00e9rer des rapports avec des g\u00e9olocalisations, de capturer une signature pour la responsabilit\u00e9 et plus encore. Les superviseurs sont en mesure de s\u00e9lectionner et d&#039;inspecter des t\u00e2ches de travail sp\u00e9cifiques, et des tickets seront envoy\u00e9s aux nettoyeurs s&#039;il y a un besoin de retouche.<\/p>\t\t\t\t\t\t\t\t<\/div>\n\t\t\t\t<\/div>\n\t\t\t\t\t<\/div>\n\t\t<\/div>\n\t\t\t\t<div class=\"elementor-column elementor-col-33 elementor-top-column elementor-element elementor-element-cecae8c\" data-id=\"cecae8c\" data-element_type=\"column\">\n\t\t\t<div class=\"elementor-widget-wrap elementor-element-populated\">\n\t\t\t\t\t\t<div class=\"elementor-element elementor-element-47bce01 elementor-invisible elementor-widget elementor-widget-heading\" data-id=\"47bce01\" data-element_type=\"widget\" data-settings=\"{&quot;_animation&quot;:&quot;fadeInRight&quot;}\" data-widget_type=\"heading.default\">\n\t\t\t\t<div class=\"elementor-widget-container\">\n\t\t\t\t\t<h1 class=\"elementor-heading-title elementor-size-large\">Syst\u00e8me de v\u00e9rification<\/h1>\t\t\t\t<\/div>\n\t\t\t\t<\/div>\n\t\t\t\t\t<\/div>\n\t\t<\/div>\n\t\t\t\t\t<\/div>\n\t\t<\/section>\n\t\t\t\t<section class=\"elementor-section elementor-top-section elementor-element elementor-element-a15c58b elementor-section-boxed elementor-section-height-default elementor-section-height-default\" data-id=\"a15c58b\" data-element_type=\"section\">\n\t\t\t\t\t\t<div class=\"elementor-container elementor-column-gap-default\">\n\t\t\t\t\t<div class=\"elementor-column elementor-col-33 elementor-top-column elementor-element elementor-element-c44f150\" data-id=\"c44f150\" data-element_type=\"column\">\n\t\t\t<div class=\"elementor-widget-wrap elementor-element-populated\">\n\t\t\t\t\t\t<div class=\"elementor-element elementor-element-378437e elementor-invisible elementor-widget elementor-widget-heading\" data-id=\"378437e\" data-element_type=\"widget\" data-settings=\"{&quot;_animation&quot;:&quot;bounceInLeft&quot;}\" data-widget_type=\"heading.default\">\n\t\t\t\t<div class=\"elementor-widget-container\">\n\t\t\t\t\t<h1 class=\"elementor-heading-title elementor-size-large\">Capteurs IdO<\/h1>\t\t\t\t<\/div>\n\t\t\t\t<\/div>\n\t\t\t\t\t<\/div>\n\t\t<\/div>\n\t\t\t\t<div class=\"elementor-column elementor-col-66 elementor-top-column elementor-element elementor-element-640553e\" data-id=\"640553e\" data-element_type=\"column\">\n\t\t\t<div class=\"elementor-widget-wrap elementor-element-populated\">\n\t\t\t\t\t\t<div class=\"elementor-element elementor-element-dd6a3ef elementor-widget elementor-widget-text-editor\" data-id=\"dd6a3ef\" data-element_type=\"widget\" data-widget_type=\"text-editor.default\">\n\t\t\t\t<div class=\"elementor-widget-container\">\n\t\t\t\t\t\t\t\t\t<p>Les responsables peuvent obtenir des mises \u00e0 jour en temps r\u00e9el sur l&#039;environnement de l&#039;emplacement et le statut du personnel et des t\u00e2ches sur un seul tableau de bord pour une vue d&#039;ensemble facile. Suivez les KPI avec l&#039;analyse num\u00e9rique pour voir la tendance des performances. Notre plate-forme permet \u00e0 d&#039;autres technologies FM existantes de s&#039;int\u00e9grer de mani\u00e8re transparente via des API.<\/p>\t\t\t\t\t\t\t\t<\/div>\n\t\t\t\t<\/div>\n\t\t\t\t\t<\/div>\n\t\t<\/div>\n\t\t\t\t\t<\/div>\n\t\t<\/section>\n\t\t\t\t<section class=\"elementor-section elementor-top-section elementor-element elementor-element-a734e33 elementor-section-boxed elementor-section-height-default elementor-section-height-default\" data-id=\"a734e33\" data-element_type=\"section\">\n\t\t\t\t\t\t<div class=\"elementor-container elementor-column-gap-default\">\n\t\t\t\t\t<div class=\"elementor-column elementor-col-100 elementor-top-column elementor-element elementor-element-e6269e1\" data-id=\"e6269e1\" data-element_type=\"column\">\n\t\t\t<div class=\"elementor-widget-wrap elementor-element-populated\">\n\t\t\t\t\t\t<div class=\"elementor-element elementor-element-dd6905f elementor-align-center elementor-widget elementor-widget-button\" data-id=\"dd6905f\" data-element_type=\"widget\" data-widget_type=\"button.default\">\n\t\t\t\t<div class=\"elementor-widget-container\">\n\t\t\t\t\t\t\t\t\t<div class=\"elementor-button-wrapper\">\n\t\t\t\t\t<a class=\"elementor-button elementor-button-link elementor-size-sm\" href=\"\/candroid\/fr\/simpple-solution\/\">\n\t\t\t\t\t\t<span class=\"elementor-button-content-wrapper\">\n\t\t\t\t\t\t\t\t\t<span class=\"elementor-button-text\">LEARN MORE &gt;<\/span>\n\t\t\t\t\t<\/span>\n\t\t\t\t\t<\/a>\n\t\t\t\t<\/div>\n\t\t\t\t\t\t\t\t<\/div>\n\t\t\t\t<\/div>\n\t\t\t\t\t<\/div>\n\t\t<\/div>\n\t\t\t\t\t<\/div>\n\t\t<\/section>\n\t\t\t\t<\/div>","protected":false},"excerpt":{"rendered":"<p>SIMPPLE Solutions for Smart Buildings Simpple provides facility owners, site managers and contractors with an overview of the facility, to better assess the health of the site and identify areas of improvement with a single glance. Managers are able to increase productivity and efficiency by up to 90%, through eliminating inefficiencies in communication and by [&hellip;]<\/p>","protected":false},"author":1,"featured_media":5941,"parent":0,"menu_order":0,"comment_status":"closed","ping_status":"closed","template":"elementor_header_footer","meta":{"footnotes":""},"class_list":["post-6797","page","type-page","status-publish","has-post-thumbnail","hentry"],"acf":[],"yoast_head":"<!-- This site is optimized with the Yoast SEO plugin v27.0 - https:\/\/yoast.com\/product\/yoast-seo-wordpress\/ -->\n<title>SIMPPLE - Candroid Robotics<\/title>\n<meta name=\"description\" content=\"Enhance site management efficiency with Simpple software. Discover how it improves communication and task management.\" \/>\n<meta name=\"robots\" content=\"index, follow, max-snippet:-1, max-image-preview:large, max-video-preview:-1\" \/>\n<link rel=\"canonical\" href=\"https:\/\/candroidrobotics.com\/candroid\/fr\/simpple-smart-software\/\" \/>\n<meta property=\"og:locale\" content=\"fr_CA\" \/>\n<meta property=\"og:type\" content=\"article\" \/>\n<meta property=\"og:title\" content=\"SIMPPLE - Candroid Robotics\" \/>\n<meta property=\"og:description\" content=\"Enhance site management efficiency with Simpple software. Discover how it improves communication and task management.\" \/>\n<meta property=\"og:url\" content=\"https:\/\/candroidrobotics.com\/candroid\/fr\/simpple-smart-software\/\" \/>\n<meta property=\"og:site_name\" content=\"Candroid Robotics\" \/>\n<meta property=\"article:modified_time\" content=\"2026-01-19T03:46:37+00:00\" \/>\n<meta property=\"og:image\" content=\"https:\/\/candroidrobotics.com\/candroid\/wp-content\/uploads\/2023\/04\/hero-ecobot-scrub-75-1920x680-1.jpg\" \/>\n\t<meta property=\"og:image:width\" content=\"1920\" \/>\n\t<meta property=\"og:image:height\" content=\"680\" \/>\n\t<meta property=\"og:image:type\" content=\"image\/jpeg\" \/>\n<meta name=\"twitter:card\" content=\"summary_large_image\" \/>\n<meta name=\"twitter:label1\" content=\"Estimation du temps de lecture\" \/>\n\t<meta name=\"twitter:data1\" content=\"2 minutes\" \/>\n<script type=\"application\/ld+json\" class=\"yoast-schema-graph\">{\"@context\":\"https:\/\/schema.org\",\"@graph\":[{\"@type\":\"WebPage\",\"@id\":\"https:\/\/candroidrobotics.com\/candroid\/simpple-smart-software\/\",\"url\":\"https:\/\/candroidrobotics.com\/candroid\/simpple-smart-software\/\",\"name\":\"SIMPPLE - Candroid Robotics\",\"isPartOf\":{\"@id\":\"https:\/\/candroidrobotics.com\/candroid\/#website\"},\"primaryImageOfPage\":{\"@id\":\"https:\/\/candroidrobotics.com\/candroid\/simpple-smart-software\/#primaryimage\"},\"image\":{\"@id\":\"https:\/\/candroidrobotics.com\/candroid\/simpple-smart-software\/#primaryimage\"},\"thumbnailUrl\":\"https:\/\/candroidrobotics.com\/candroid\/wp-content\/uploads\/2023\/04\/hero-ecobot-scrub-75-1920x680-1.jpg\",\"datePublished\":\"2023-05-12T00:49:14+00:00\",\"dateModified\":\"2026-01-19T03:46:37+00:00\",\"description\":\"Enhance site management efficiency with Simpple software. Discover how it improves communication and task management.\",\"breadcrumb\":{\"@id\":\"https:\/\/candroidrobotics.com\/candroid\/simpple-smart-software\/#breadcrumb\"},\"inLanguage\":\"fr-CA\",\"potentialAction\":[{\"@type\":\"ReadAction\",\"target\":[\"https:\/\/candroidrobotics.com\/candroid\/simpple-smart-software\/\"]}]},{\"@type\":\"ImageObject\",\"inLanguage\":\"fr-CA\",\"@id\":\"https:\/\/candroidrobotics.com\/candroid\/simpple-smart-software\/#primaryimage\",\"url\":\"https:\/\/candroidrobotics.com\/candroid\/wp-content\/uploads\/2023\/04\/hero-ecobot-scrub-75-1920x680-1.jpg\",\"contentUrl\":\"https:\/\/candroidrobotics.com\/candroid\/wp-content\/uploads\/2023\/04\/hero-ecobot-scrub-75-1920x680-1.jpg\",\"width\":1920,\"height\":680},{\"@type\":\"BreadcrumbList\",\"@id\":\"https:\/\/candroidrobotics.com\/candroid\/simpple-smart-software\/#breadcrumb\",\"itemListElement\":[{\"@type\":\"ListItem\",\"position\":1,\"name\":\"Home\",\"item\":\"https:\/\/candroidrobotics.com\/candroid\/\"},{\"@type\":\"ListItem\",\"position\":2,\"name\":\"SIMPPLE\"}]},{\"@type\":\"WebSite\",\"@id\":\"https:\/\/candroidrobotics.com\/candroid\/#website\",\"url\":\"https:\/\/candroidrobotics.com\/candroid\/\",\"name\":\"Candroid Robotics\",\"description\":\"\",\"publisher\":{\"@id\":\"https:\/\/candroidrobotics.com\/candroid\/#organization\"},\"potentialAction\":[{\"@type\":\"SearchAction\",\"target\":{\"@type\":\"EntryPoint\",\"urlTemplate\":\"https:\/\/candroidrobotics.com\/candroid\/?s={search_term_string}\"},\"query-input\":{\"@type\":\"PropertyValueSpecification\",\"valueRequired\":true,\"valueName\":\"search_term_string\"}}],\"inLanguage\":\"fr-CA\"},{\"@type\":\"Organization\",\"@id\":\"https:\/\/candroidrobotics.com\/candroid\/#organization\",\"name\":\"Candroid Robotics\",\"url\":\"https:\/\/candroidrobotics.com\/candroid\/\",\"logo\":{\"@type\":\"ImageObject\",\"inLanguage\":\"fr-CA\",\"@id\":\"https:\/\/candroidrobotics.com\/candroid\/#\/schema\/logo\/image\/\",\"url\":\"https:\/\/candroidrobotics.com\/candroid\/wp-content\/uploads\/2025\/12\/2-e1685401277666.png\",\"contentUrl\":\"https:\/\/candroidrobotics.com\/candroid\/wp-content\/uploads\/2025\/12\/2-e1685401277666.png\",\"width\":1245,\"height\":532,\"caption\":\"Candroid Robotics\"},\"image\":{\"@id\":\"https:\/\/candroidrobotics.com\/candroid\/#\/schema\/logo\/image\/\"}}]}<\/script>\n<!-- \/ Yoast SEO plugin. -->","yoast_head_json":{"title":"SIMPPLE - Candroid Robotics","description":"Enhance site management efficiency with Simpple software. Discover how it improves communication and task management.","robots":{"index":"index","follow":"follow","max-snippet":"max-snippet:-1","max-image-preview":"max-image-preview:large","max-video-preview":"max-video-preview:-1"},"canonical":"https:\/\/candroidrobotics.com\/candroid\/fr\/simpple-smart-software\/","og_locale":"fr_CA","og_type":"article","og_title":"SIMPPLE - Candroid Robotics","og_description":"Enhance site management efficiency with Simpple software. Discover how it improves communication and task management.","og_url":"https:\/\/candroidrobotics.com\/candroid\/fr\/simpple-smart-software\/","og_site_name":"Candroid Robotics","article_modified_time":"2026-01-19T03:46:37+00:00","og_image":[{"width":1920,"height":680,"url":"https:\/\/candroidrobotics.com\/candroid\/wp-content\/uploads\/2023\/04\/hero-ecobot-scrub-75-1920x680-1.jpg","type":"image\/jpeg"}],"twitter_card":"summary_large_image","twitter_misc":{"Estimation du temps de lecture":"2 minutes"},"schema":{"@context":"https:\/\/schema.org","@graph":[{"@type":"WebPage","@id":"https:\/\/candroidrobotics.com\/candroid\/simpple-smart-software\/","url":"https:\/\/candroidrobotics.com\/candroid\/simpple-smart-software\/","name":"SIMPPLE - Candroid Robotics","isPartOf":{"@id":"https:\/\/candroidrobotics.com\/candroid\/#website"},"primaryImageOfPage":{"@id":"https:\/\/candroidrobotics.com\/candroid\/simpple-smart-software\/#primaryimage"},"image":{"@id":"https:\/\/candroidrobotics.com\/candroid\/simpple-smart-software\/#primaryimage"},"thumbnailUrl":"https:\/\/candroidrobotics.com\/candroid\/wp-content\/uploads\/2023\/04\/hero-ecobot-scrub-75-1920x680-1.jpg","datePublished":"2023-05-12T00:49:14+00:00","dateModified":"2026-01-19T03:46:37+00:00","description":"Enhance site management efficiency with Simpple software. Discover how it improves communication and task management.","breadcrumb":{"@id":"https:\/\/candroidrobotics.com\/candroid\/simpple-smart-software\/#breadcrumb"},"inLanguage":"fr-CA","potentialAction":[{"@type":"ReadAction","target":["https:\/\/candroidrobotics.com\/candroid\/simpple-smart-software\/"]}]},{"@type":"ImageObject","inLanguage":"fr-CA","@id":"https:\/\/candroidrobotics.com\/candroid\/simpple-smart-software\/#primaryimage","url":"https:\/\/candroidrobotics.com\/candroid\/wp-content\/uploads\/2023\/04\/hero-ecobot-scrub-75-1920x680-1.jpg","contentUrl":"https:\/\/candroidrobotics.com\/candroid\/wp-content\/uploads\/2023\/04\/hero-ecobot-scrub-75-1920x680-1.jpg","width":1920,"height":680},{"@type":"BreadcrumbList","@id":"https:\/\/candroidrobotics.com\/candroid\/simpple-smart-software\/#breadcrumb","itemListElement":[{"@type":"ListItem","position":1,"name":"Home","item":"https:\/\/candroidrobotics.com\/candroid\/"},{"@type":"ListItem","position":2,"name":"SIMPPLE"}]},{"@type":"WebSite","@id":"https:\/\/candroidrobotics.com\/candroid\/#website","url":"https:\/\/candroidrobotics.com\/candroid\/","name":"Robotique Android","description":"","publisher":{"@id":"https:\/\/candroidrobotics.com\/candroid\/#organization"},"potentialAction":[{"@type":"SearchAction","target":{"@type":"EntryPoint","urlTemplate":"https:\/\/candroidrobotics.com\/candroid\/?s={search_term_string}"},"query-input":{"@type":"PropertyValueSpecification","valueRequired":true,"valueName":"search_term_string"}}],"inLanguage":"fr-CA"},{"@type":"Organization","@id":"https:\/\/candroidrobotics.com\/candroid\/#organization","name":"Robotique Android","url":"https:\/\/candroidrobotics.com\/candroid\/","logo":{"@type":"ImageObject","inLanguage":"fr-CA","@id":"https:\/\/candroidrobotics.com\/candroid\/#\/schema\/logo\/image\/","url":"https:\/\/candroidrobotics.com\/candroid\/wp-content\/uploads\/2025\/12\/2-e1685401277666.png","contentUrl":"https:\/\/candroidrobotics.com\/candroid\/wp-content\/uploads\/2025\/12\/2-e1685401277666.png","width":1245,"height":532,"caption":"Candroid Robotics"},"image":{"@id":"https:\/\/candroidrobotics.com\/candroid\/#\/schema\/logo\/image\/"}}]}},"_links":{"self":[{"href":"https:\/\/candroidrobotics.com\/candroid\/fr\/wp-json\/wp\/v2\/pages\/6797","targetHints":{"allow":["GET"]}}],"collection":[{"href":"https:\/\/candroidrobotics.com\/candroid\/fr\/wp-json\/wp\/v2\/pages"}],"about":[{"href":"https:\/\/candroidrobotics.com\/candroid\/fr\/wp-json\/wp\/v2\/types\/page"}],"author":[{"embeddable":true,"href":"https:\/\/candroidrobotics.com\/candroid\/fr\/wp-json\/wp\/v2\/users\/1"}],"replies":[{"embeddable":true,"href":"https:\/\/candroidrobotics.com\/candroid\/fr\/wp-json\/wp\/v2\/comments?post=6797"}],"version-history":[{"count":58,"href":"https:\/\/candroidrobotics.com\/candroid\/fr\/wp-json\/wp\/v2\/pages\/6797\/revisions"}],"predecessor-version":[{"id":11154,"href":"https:\/\/candroidrobotics.com\/candroid\/fr\/wp-json\/wp\/v2\/pages\/6797\/revisions\/11154"}],"wp:featuredmedia":[{"embeddable":true,"href":"https:\/\/candroidrobotics.com\/candroid\/fr\/wp-json\/wp\/v2\/media\/5941"}],"wp:attachment":[{"href":"https:\/\/candroidrobotics.com\/candroid\/fr\/wp-json\/wp\/v2\/media?parent=6797"}],"curies":[{"name":"wp","href":"https:\/\/api.w.org\/{rel}","templated":true}]}}